{"id":1591,"date":"2020-07-16T04:16:25","date_gmt":"2020-07-16T04:16:25","guid":{"rendered":"http:\/\/dabtransport.pl\/index.php\/about-us\/"},"modified":"2023-04-12T13:16:40","modified_gmt":"2023-04-12T11:16:40","slug":"o-nas","status":"publish","type":"page","link":"https:\/\/dabtransport.pl\/index.php\/o-nas\/","title":{"rendered":"O nas"},"content":{"rendered":"\t\t<div data-elementor-type=\"wp-page\" data-elementor-id=\"1591\" class=\"elementor elementor-1591\">\n\t\t\t\t\t\t<section class=\"elementor-section elementor-top-section elementor-element elementor-element-bd442b4 elementor-section-boxed elementor-section-height-default elementor-section-height-default\" data-id=\"bd442b4\" data-element_type=\"section\" data-settings=\"{&quot;background_background&quot;:&quot;classic&quot;}\">\n\t\t\t\t\t\t\t<div class=\"elementor-background-overlay\"><\/div>\n\t\t\t\t\t\t\t<div class=\"elementor-container elementor-column-gap-no\">\n\t\t\t\t\t<div class=\"elementor-column elementor-col-100 elementor-top-column elementor-element elementor-element-e8732b9\" data-id=\"e8732b9\" data-element_type=\"column\">\n\t\t\t<div class=\"elementor-widget-wrap elementor-element-populated\">\n\t\t\t\t\t\t<div class=\"elementor-element elementor-element-4179f02 elementor-widget elementor-widget-heading\" data-id=\"4179f02\" data-element_type=\"widget\" data-widget_type=\"heading.default\">\n\t\t\t\t<div class=\"elementor-widget-container\">\n\t\t\t\t\t<h1 class=\"elementor-heading-title elementor-size-default\">O nas<\/h1>\t\t\t\t<\/div>\n\t\t\t\t<\/div>\n\t\t\t\t<div class=\"elementor-element elementor-element-31cb7f0 elementor-widget-divider--view-line elementor-widget elementor-widget-divider\" data-id=\"31cb7f0\" data-element_type=\"widget\" data-widget_type=\"divider.default\">\n\t\t\t\t<div class=\"elementor-widget-container\">\n\t\t\t\t\t\t\t<div class=\"elementor-divider\">\n\t\t\t<span class=\"elementor-divider-separator\">\n\t\t\t\t\t\t<\/span>\n\t\t<\/div>\n\t\t\t\t\t\t<\/div>\n\t\t\t\t<\/div>\n\t\t\t\t\t<\/div>\n\t\t<\/div>\n\t\t\t\t\t<\/div>\n\t\t<\/section>\n\t\t\t\t<section class=\"elementor-section elementor-top-section elementor-element elementor-element-f71bb75 elementor-section-boxed elementor-section-height-default elementor-section-height-default\" data-id=\"f71bb75\" data-element_type=\"section\" data-settings=\"{&quot;background_background&quot;:&quot;gradient&quot;}\">\n\t\t\t\t\t\t<div class=\"elementor-container elementor-column-gap-no\">\n\t\t\t\t\t<div class=\"elementor-column elementor-col-100 elementor-top-column elementor-element elementor-element-3d8a226\" data-id=\"3d8a226\" data-element_type=\"column\">\n\t\t\t<div class=\"elementor-widget-wrap elementor-element-populated\">\n\t\t\t\t\t\t<section class=\"elementor-section elementor-inner-section elementor-element elementor-element-890c743 elementor-section-boxed elementor-section-height-default elementor-section-height-default\" data-id=\"890c743\" data-element_type=\"section\">\n\t\t\t\t\t\t<div class=\"elementor-container elementor-column-gap-no\">\n\t\t\t\t\t<div class=\"elementor-column elementor-col-33 elementor-inner-column elementor-element elementor-element-cae183d\" data-id=\"cae183d\" data-element_type=\"column\">\n\t\t\t<div class=\"elementor-widget-wrap elementor-element-populated\">\n\t\t\t\t\t\t<div class=\"elementor-element elementor-element-06722e1 elementor-widget elementor-widget-heading\" data-id=\"06722e1\" data-element_type=\"widget\" data-widget_type=\"heading.default\">\n\t\t\t\t<div class=\"elementor-widget-container\">\n\t\t\t\t\t<h2 class=\"elementor-heading-title elementor-size-default\">Czym si\u0119 zajmujemy?<\/h2>\t\t\t\t<\/div>\n\t\t\t\t<\/div>\n\t\t\t\t\t<\/div>\n\t\t<\/div>\n\t\t\t\t<div class=\"elementor-column elementor-col-66 elementor-inner-column elementor-element elementor-element-c08f970\" data-id=\"c08f970\" data-element_type=\"column\">\n\t\t\t<div class=\"elementor-widget-wrap elementor-element-populated\">\n\t\t\t\t\t\t<div class=\"elementor-element elementor-element-5358b92 elementor-widget elementor-widget-text-editor\" data-id=\"5358b92\" data-element_type=\"widget\" data-widget_type=\"text-editor.default\">\n\t\t\t\t<div class=\"elementor-widget-container\">\n\t\t\t\t\t\t\t\t\t<p>DAB to stale rozwijaj\u0105ca si\u0119 firma transportowa, kt\u00f3ra specjalizuje si\u0119 w transporcie ch\u0142odniczym na terenie ca\u0142ej Europy, w tym na Wyspach Brytyjskich. Dzi\u0119ki wieloletniemu do\u015bwiadczeniu i ugruntowanej pozycji na rynku, firma cieszy si\u0119 renom\u0105 w bran\u017cy.<\/p><p>Zapewniamy swoim klientom profesjonaln\u0105 i kompleksow\u0105 obs\u0142ug\u0119, zapewniaj\u0105c bezpieczny oraz terminowy transport towar\u00f3w w kontrolowanych temperaturach. Do dyspozycji klient\u00f3w firma posiada nowoczesn\u0105 flot\u0119 samochod\u00f3w ch\u0142odniczych, wyposa\u017con\u0105 w najnowocze\u015bniejsze systemy kontroli temperatury, co umo\u017cliwia utrzymanie optymalnych warunk\u00f3w transportu dla ka\u017cdego rodzaju towar\u00f3w, r\u00f3wnie\u017c tych wra\u017cliwych na zmiany temperatury.<\/p>\t\t\t\t\t\t\t\t<\/div>\n\t\t\t\t<\/div>\n\t\t\t\t\t<\/div>\n\t\t<\/div>\n\t\t\t\t\t<\/div>\n\t\t<\/section>\n\t\t\t\t<section class=\"elementor-section elementor-inner-section elementor-element elementor-element-07a19aa elementor-section-boxed elementor-section-height-default elementor-section-height-default\" data-id=\"07a19aa\" data-element_type=\"section\">\n\t\t\t\t\t\t<div class=\"elementor-container elementor-column-gap-no\">\n\t\t\t\t\t<div class=\"elementor-column elementor-col-33 elementor-inner-column elementor-element elementor-element-4fa7423\" data-id=\"4fa7423\" data-element_type=\"column\">\n\t\t\t<div class=\"elementor-widget-wrap elementor-element-populated\">\n\t\t\t\t\t\t<div class=\"elementor-element elementor-element-768efbd elementor-widget-divider--view-line elementor-widget elementor-widget-divider\" data-id=\"768efbd\" data-element_type=\"widget\" data-widget_type=\"divider.default\">\n\t\t\t\t<div class=\"elementor-widget-container\">\n\t\t\t\t\t\t\t<div class=\"elementor-divider\">\n\t\t\t<span class=\"elementor-divider-separator\">\n\t\t\t\t\t\t<\/span>\n\t\t<\/div>\n\t\t\t\t\t\t<\/div>\n\t\t\t\t<\/div>\n\t\t\t\t<div class=\"elementor-element elementor-element-9c9d1be elementor-view-stacked elementor-position-inline-start elementor-shape-circle elementor-mobile-position-block-start elementor-widget elementor-widget-icon-box\" data-id=\"9c9d1be\" data-element_type=\"widget\" data-widget_type=\"icon-box.default\">\n\t\t\t\t<div class=\"elementor-widget-container\">\n\t\t\t\t\t\t\t<div class=\"elementor-icon-box-wrapper\">\n\n\t\t\t\t\t\t<div class=\"elementor-icon-box-icon\">\n\t\t\t\t<span  class=\"elementor-icon\">\n\t\t\t\t<i aria-hidden=\"true\" class=\"fas fa-cube\"><\/i>\t\t\t\t<\/span>\n\t\t\t<\/div>\n\t\t\t\n\t\t\t\t\t\t<div class=\"elementor-icon-box-content\">\n\n\t\t\t\t\t\t\t\t\t<h5 class=\"elementor-icon-box-title\">\n\t\t\t\t\t\t<span  >\n\t\t\t\t\t\t\tBezpiecze\u0144stwo\t\t\t\t\t\t<\/span>\n\t\t\t\t\t<\/h5>\n\t\t\t\t\n\t\t\t\t\t\t\t\t\t<p class=\"elementor-icon-box-description\">\n\t\t\t\t\t\tDzi\u0119ki nam, tw\u00f3j towar bezpiecznie dotrze na miejsce roz\u0142adunku\t\t\t\t\t<\/p>\n\t\t\t\t\n\t\t\t<\/div>\n\t\t\t\n\t\t<\/div>\n\t\t\t\t\t\t<\/div>\n\t\t\t\t<\/div>\n\t\t\t\t<div class=\"elementor-element elementor-element-c22eb5b elementor-view-stacked elementor-position-inline-start elementor-shape-circle elementor-mobile-position-block-start elementor-widget elementor-widget-icon-box\" data-id=\"c22eb5b\" data-element_type=\"widget\" data-widget_type=\"icon-box.default\">\n\t\t\t\t<div class=\"elementor-widget-container\">\n\t\t\t\t\t\t\t<div class=\"elementor-icon-box-wrapper\">\n\n\t\t\t\t\t\t<div class=\"elementor-icon-box-icon\">\n\t\t\t\t<span  class=\"elementor-icon\">\n\t\t\t\t<i aria-hidden=\"true\" class=\"far fa-snowflake\"><\/i>\t\t\t\t<\/span>\n\t\t\t<\/div>\n\t\t\t\n\t\t\t\t\t\t<div class=\"elementor-icon-box-content\">\n\n\t\t\t\t\t\t\t\t\t<h5 class=\"elementor-icon-box-title\">\n\t\t\t\t\t\t<span  >\n\t\t\t\t\t\t\tTemperatura\t\t\t\t\t\t<\/span>\n\t\t\t\t\t<\/h5>\n\t\t\t\t\n\t\t\t\t\t\t\t\t\t<p class=\"elementor-icon-box-description\">\n\t\t\t\t\t\tGwarantujemy sta\u0142\u0105 temperatur\u0119 dzi\u0119ki nowoczesnym systemom ch\u0142odniczym \t\t\t\t\t<\/p>\n\t\t\t\t\n\t\t\t<\/div>\n\t\t\t\n\t\t<\/div>\n\t\t\t\t\t\t<\/div>\n\t\t\t\t<\/div>\n\t\t\t\t<div class=\"elementor-element elementor-element-3680f46 elementor-widget-divider--view-line elementor-widget elementor-widget-divider\" data-id=\"3680f46\" data-element_type=\"widget\" data-widget_type=\"divider.default\">\n\t\t\t\t<div class=\"elementor-widget-container\">\n\t\t\t\t\t\t\t<div class=\"elementor-divider\">\n\t\t\t<span class=\"elementor-divider-separator\">\n\t\t\t\t\t\t<\/span>\n\t\t<\/div>\n\t\t\t\t\t\t<\/div>\n\t\t\t\t<\/div>\n\t\t\t\t\t<\/div>\n\t\t<\/div>\n\t\t\t\t<div class=\"elementor-column elementor-col-66 elementor-inner-column elementor-element elementor-element-246ad8d\" data-id=\"246ad8d\" data-element_type=\"column\">\n\t\t\t<div class=\"elementor-widget-wrap elementor-element-populated\">\n\t\t\t\t\t\t<div class=\"elementor-element elementor-element-45d4b6b elementor-widget elementor-widget-image\" data-id=\"45d4b6b\" data-element_type=\"widget\" data-widget_type=\"image.default\">\n\t\t\t\t<div class=\"elementor-widget-container\">\n\t\t\t\t\t\t\t\t\t\t\t\t\t\t\t<img fetchpriority=\"high\" decoding=\"async\" width=\"1024\" height=\"691\" src=\"https:\/\/dabtransport.pl\/wp-content\/uploads\/2023\/04\/ciezarowki-zaparkowane-zaladunek-w-doku-magazyn-ladunek-transport-przemysl-transport-ciezarowka-towarowa-scaled-e1681298128742-1024x691.jpg\" class=\"attachment-large size-large wp-image-1783\" alt=\"\" srcset=\"https:\/\/dabtransport.pl\/wp-content\/uploads\/2023\/04\/ciezarowki-zaparkowane-zaladunek-w-doku-magazyn-ladunek-transport-przemysl-transport-ciezarowka-towarowa-scaled-e1681298128742-1024x691.jpg 1024w, https:\/\/dabtransport.pl\/wp-content\/uploads\/2023\/04\/ciezarowki-zaparkowane-zaladunek-w-doku-magazyn-ladunek-transport-przemysl-transport-ciezarowka-towarowa-scaled-e1681298128742-300x203.jpg 300w, https:\/\/dabtransport.pl\/wp-content\/uploads\/2023\/04\/ciezarowki-zaparkowane-zaladunek-w-doku-magazyn-ladunek-transport-przemysl-transport-ciezarowka-towarowa-scaled-e1681298128742-768x518.jpg 768w, https:\/\/dabtransport.pl\/wp-content\/uploads\/2023\/04\/ciezarowki-zaparkowane-zaladunek-w-doku-magazyn-ladunek-transport-przemysl-transport-ciezarowka-towarowa-scaled-e1681298128742-1536x1037.jpg 1536w, https:\/\/dabtransport.pl\/wp-content\/uploads\/2023\/04\/ciezarowki-zaparkowane-zaladunek-w-doku-magazyn-ladunek-transport-przemysl-transport-ciezarowka-towarowa-scaled-e1681298128742-2048x1382.jpg 2048w\" sizes=\"(max-width: 1024px) 100vw, 1024px\" \/>\t\t\t\t\t\t\t\t\t\t\t\t\t\t\t<\/div>\n\t\t\t\t<\/div>\n\t\t\t\t\t<\/div>\n\t\t<\/div>\n\t\t\t\t\t<\/div>\n\t\t<\/section>\n\t\t\t\t\t<\/div>\n\t\t<\/div>\n\t\t\t\t\t<\/div>\n\t\t<\/section>\n\t\t\t\t<section class=\"elementor-section elementor-top-section elementor-element elementor-element-a7b4057 elementor-section-boxed elementor-section-height-default elementor-section-height-default\" data-id=\"a7b4057\" data-element_type=\"section\" data-settings=\"{&quot;background_background&quot;:&quot;classic&quot;}\">\n\t\t\t\t\t\t<div class=\"elementor-container elementor-column-gap-no\">\n\t\t\t\t\t<div class=\"elementor-column elementor-col-33 elementor-top-column elementor-element elementor-element-36cfdc9\" data-id=\"36cfdc9\" data-element_type=\"column\">\n\t\t\t<div class=\"elementor-widget-wrap elementor-element-populated\">\n\t\t\t\t\t\t<div class=\"elementor-element elementor-element-77af15f elementor-widget__width-initial elementor-widget elementor-widget-heading\" data-id=\"77af15f\" data-element_type=\"widget\" data-widget_type=\"heading.default\">\n\t\t\t\t<div class=\"elementor-widget-container\">\n\t\t\t\t\t<h2 class=\"elementor-heading-title elementor-size-default\">Sprawd\u017a ofert\u0119<\/h2>\t\t\t\t<\/div>\n\t\t\t\t<\/div>\n\t\t\t\t<div class=\"elementor-element elementor-element-c6a05c6 elementor-widget elementor-widget-text-editor\" data-id=\"c6a05c6\" data-element_type=\"widget\" data-widget_type=\"text-editor.default\">\n\t\t\t\t<div class=\"elementor-widget-container\">\n\t\t\t\t\t\t\t\t\t<p>Skontaktuj si\u0119 z nami, a nasi specjali\u015bci przygotuj\u0105 specjaln\u0105 ofert\u0119 w zale\u017cno\u015bci od twoich potrzeb!<\/p>\t\t\t\t\t\t\t\t<\/div>\n\t\t\t\t<\/div>\n\t\t\t\t<div class=\"elementor-element elementor-element-54222a2 elementor-widget-mobile__width-inherit elementor-tablet-align-center elementor-widget elementor-widget-button\" data-id=\"54222a2\" data-element_type=\"widget\" data-widget_type=\"button.default\">\n\t\t\t\t<div class=\"elementor-widget-container\">\n\t\t\t\t\t\t\t\t\t<div class=\"elementor-button-wrapper\">\n\t\t\t\t\t<a class=\"elementor-button elementor-button-link elementor-size-sm\" href=\"http:\/\/dabtransport.pl\/index.php\/kontakt\/\">\n\t\t\t\t\t\t<span class=\"elementor-button-content-wrapper\">\n\t\t\t\t\t\t\t\t\t<span class=\"elementor-button-text\">Kontakt<\/span>\n\t\t\t\t\t<\/span>\n\t\t\t\t\t<\/a>\n\t\t\t\t<\/div>\n\t\t\t\t\t\t\t\t<\/div>\n\t\t\t\t<\/div>\n\t\t\t\t\t<\/div>\n\t\t<\/div>\n\t\t\t\t<div class=\"elementor-column elementor-col-33 elementor-top-column elementor-element elementor-element-be0b377\" data-id=\"be0b377\" data-element_type=\"column\">\n\t\t\t<div class=\"elementor-widget-wrap elementor-element-populated\">\n\t\t\t\t\t\t<div class=\"elementor-element elementor-element-f1eaf1d elementor-widget__width-initial elementor-widget elementor-widget-image\" data-id=\"f1eaf1d\" data-element_type=\"widget\" data-widget_type=\"image.default\">\n\t\t\t\t<div class=\"elementor-widget-container\">\n\t\t\t\t\t\t\t\t\t\t\t\t\t\t\t<img decoding=\"async\" width=\"1536\" height=\"1021\" src=\"https:\/\/dabtransport.pl\/wp-content\/uploads\/2023\/03\/pexels-tom-fisk-3063470-1-1536x1021.jpg\" class=\"attachment-1536x1536 size-1536x1536 wp-image-1612\" alt=\"\" srcset=\"https:\/\/dabtransport.pl\/wp-content\/uploads\/2023\/03\/pexels-tom-fisk-3063470-1-1536x1021.jpg 1536w, https:\/\/dabtransport.pl\/wp-content\/uploads\/2023\/03\/pexels-tom-fisk-3063470-1-300x199.jpg 300w, https:\/\/dabtransport.pl\/wp-content\/uploads\/2023\/03\/pexels-tom-fisk-3063470-1-1024x680.jpg 1024w, https:\/\/dabtransport.pl\/wp-content\/uploads\/2023\/03\/pexels-tom-fisk-3063470-1-768x510.jpg 768w, https:\/\/dabtransport.pl\/wp-content\/uploads\/2023\/03\/pexels-tom-fisk-3063470-1-2048x1361.jpg 2048w\" sizes=\"(max-width: 1536px) 100vw, 1536px\" \/>\t\t\t\t\t\t\t\t\t\t\t\t\t\t\t<\/div>\n\t\t\t\t<\/div>\n\t\t\t\t\t<\/div>\n\t\t<\/div>\n\t\t\t\t<div class=\"elementor-column elementor-col-33 elementor-top-column elementor-element elementor-element-8fcb90e\" data-id=\"8fcb90e\" data-element_type=\"column\">\n\t\t\t<div class=\"elementor-widget-wrap elementor-element-populated\">\n\t\t\t\t\t\t<div class=\"elementor-element elementor-element-39f57e5 elementor-widget elementor-widget-image\" data-id=\"39f57e5\" data-element_type=\"widget\" data-widget_type=\"image.default\">\n\t\t\t\t<div class=\"elementor-widget-container\">\n\t\t\t\t\t\t\t\t\t\t\t\t\t\t\t<img decoding=\"async\" width=\"1024\" height=\"683\" src=\"https:\/\/dabtransport.pl\/wp-content\/uploads\/2023\/03\/widok-z-lotu-ptaka-statku-towarowego-i-kontenera-w-porcie-1024x683.jpg\" class=\"attachment-large size-large wp-image-1610\" alt=\"\" srcset=\"https:\/\/dabtransport.pl\/wp-content\/uploads\/2023\/03\/widok-z-lotu-ptaka-statku-towarowego-i-kontenera-w-porcie-1024x683.jpg 1024w, https:\/\/dabtransport.pl\/wp-content\/uploads\/2023\/03\/widok-z-lotu-ptaka-statku-towarowego-i-kontenera-w-porcie-300x200.jpg 300w, https:\/\/dabtransport.pl\/wp-content\/uploads\/2023\/03\/widok-z-lotu-ptaka-statku-towarowego-i-kontenera-w-porcie-768x512.jpg 768w, https:\/\/dabtransport.pl\/wp-content\/uploads\/2023\/03\/widok-z-lotu-ptaka-statku-towarowego-i-kontenera-w-porcie-1536x1024.jpg 1536w, https:\/\/dabtransport.pl\/wp-content\/uploads\/2023\/03\/widok-z-lotu-ptaka-statku-towarowego-i-kontenera-w-porcie-2048x1365.jpg 2048w\" sizes=\"(max-width: 1024px) 100vw, 1024px\" \/>\t\t\t\t\t\t\t\t\t\t\t\t\t\t\t<\/div>\n\t\t\t\t<\/div>\n\t\t\t\t\t<\/div>\n\t\t<\/div>\n\t\t\t\t\t<\/div>\n\t\t<\/section>\n\t\t\t\t<section class=\"elementor-section elementor-top-section elementor-element elementor-element-afb0db8 elementor-section-boxed elementor-section-height-default elementor-section-height-default\" data-id=\"afb0db8\" data-element_type=\"section\">\n\t\t\t\t\t\t<div class=\"elementor-container elementor-column-gap-no\">\n\t\t\t\t\t<div class=\"elementor-column elementor-col-100 elementor-top-column elementor-element elementor-element-94c0336\" data-id=\"94c0336\" data-element_type=\"column\">\n\t\t\t<div class=\"elementor-widget-wrap elementor-element-populated\">\n\t\t\t\t\t\t<section class=\"elementor-section elementor-inner-section elementor-element elementor-element-cd46a76 elementor-section-boxed elementor-section-height-default elementor-section-height-default\" data-id=\"cd46a76\" data-element_type=\"section\">\n\t\t\t\t\t\t<div class=\"elementor-container elementor-column-gap-no\">\n\t\t\t\t\t<div class=\"elementor-column elementor-col-50 elementor-inner-column elementor-element elementor-element-397981f\" data-id=\"397981f\" data-element_type=\"column\">\n\t\t\t<div class=\"elementor-widget-wrap elementor-element-populated\">\n\t\t\t\t\t\t<div class=\"elementor-element elementor-element-536c495 elementor-widget elementor-widget-heading\" data-id=\"536c495\" data-element_type=\"widget\" data-widget_type=\"heading.default\">\n\t\t\t\t<div class=\"elementor-widget-container\">\n\t\t\t\t\t<h2 class=\"elementor-heading-title elementor-size-default\">Jako\u015b\u0107 i niezawodno\u015b\u0107 - to cechy wyr\u00f3\u017cniaj\u0105ce firm\u0119 transportow\u0105 DAB!<\/h2>\t\t\t\t<\/div>\n\t\t\t\t<\/div>\n\t\t\t\t\t<\/div>\n\t\t<\/div>\n\t\t\t\t<div class=\"elementor-column elementor-col-50 elementor-inner-column elementor-element elementor-element-34efd58\" data-id=\"34efd58\" data-element_type=\"column\">\n\t\t\t<div class=\"elementor-widget-wrap elementor-element-populated\">\n\t\t\t\t\t\t<div class=\"elementor-element elementor-element-29899d6 elementor-widget elementor-widget-text-editor\" data-id=\"29899d6\" data-element_type=\"widget\" data-widget_type=\"text-editor.default\">\n\t\t\t\t<div class=\"elementor-widget-container\">\n\t\t\t\t\t\t\t\t\t<p>Specjalizujemy si\u0119 w kompleksowych rozwi\u0105zaniach transportowych, kt\u00f3re s\u0105 dostosowane do indywidualnych potrzeb klient\u00f3w. Oferujemy przew\u00f3z towar\u00f3w ca\u0142opojazdowych i drobnicowych, jak r\u00f3wnie\u017c us\u0142ugi magazynowania i logistyki. Nasza firma gwarantuje terminow\u0105 realizacj\u0119 zlece\u0144 oraz zapewnia sta\u0142\u0105 kontrol\u0119 nad temperatur\u0105 i bezpiecze\u0144stwem przewo\u017conych towar\u00f3w.<\/p>\t\t\t\t\t\t\t\t<\/div>\n\t\t\t\t<\/div>\n\t\t\t\t\t<\/div>\n\t\t<\/div>\n\t\t\t\t\t<\/div>\n\t\t<\/section>\n\t\t\t\t\t<\/div>\n\t\t<\/div>\n\t\t\t\t\t<\/div>\n\t\t<\/section>\n\t\t\t\t<\/div>\n\t\t","protected":false},"excerpt":{"rendered":"<p>O nas Czym si\u0119 zajmujemy? DAB to stale rozwijaj\u0105ca si\u0119 firma transportowa, kt\u00f3ra specjalizuje si\u0119 w transporcie ch\u0142odniczym na terenie ca\u0142ej Europy, w tym na Wyspach Brytyjskich. Dzi\u0119ki wieloletniemu do\u015bwiadczeniu i ugruntowanej pozycji na rynku, firma cieszy si\u0119 renom\u0105 w bran\u017cy. Zapewniamy swoim klientom profesjonaln\u0105 i kompleksow\u0105 obs\u0142ug\u0119, zapewniaj\u0105c bezpieczny oraz terminowy transport towar\u00f3w w [&hellip;]<\/p>\n","protected":false},"author":1,"featured_media":0,"parent":0,"menu_order":0,"comment_status":"closed","ping_status":"closed","template":"","meta":{"site-sidebar-layout":"no-sidebar","site-content-layout":"page-builder","ast-site-content-layout":"default","site-content-style":"default","site-sidebar-style":"default","ast-global-header-display":"","ast-banner-title-visibility":"","ast-main-header-display":"","ast-hfb-above-header-display":"","ast-hfb-below-header-display":"","ast-hfb-mobile-header-display":"","site-post-title":"disabled","ast-breadcrumbs-content":"","ast-featured-img":"disabled","footer-sml-layout":"","ast-disable-related-posts":"","theme-transparent-header-meta":"enabled","adv-header-id-meta":"","stick-header-meta":"","header-above-stick-meta":"","header-main-stick-meta":"","header-below-stick-meta":"","astra-migrate-meta-layouts":"default","ast-page-background-enabled":"default","ast-page-background-meta":{"desktop":{"background-color":"","background-image":"","background-repeat":"repeat","background-position":"center center","background-size":"auto","background-attachment":"scroll","background-type":"","background-media":"","overlay-type":"","overlay-color":"","overlay-opacity":"","overlay-gradient":""},"tablet":{"background-color":"","background-image":"","background-repeat":"repeat","background-position":"center center","background-size":"auto","background-attachment":"scroll","background-type":"","background-media":"","overlay-type":"","overlay-color":"","overlay-opacity":"","overlay-gradient":""},"mobile":{"background-color":"","background-image":"","background-repeat":"repeat","background-position":"center center","background-size":"auto","background-attachment":"scroll","background-type":"","background-media":"","overlay-type":"","overlay-color":"","overlay-opacity":"","overlay-gradient":""}},"ast-content-background-meta":{"desktop":{"background-color":"var(--ast-global-color-5)","background-image":"","background-repeat":"repeat","background-position":"center center","background-size":"auto","background-attachment":"scroll","background-type":"","background-media":"","overlay-type":"","overlay-color":"","overlay-opacity":"","overlay-gradient":""},"tablet":{"background-color":"var(--ast-global-color-5)","background-image":"","background-repeat":"repeat","background-position":"center center","background-size":"auto","background-attachment":"scroll","background-type":"","background-media":"","overlay-type":"","overlay-color":"","overlay-opacity":"","overlay-gradient":""},"mobile":{"background-color":"var(--ast-global-color-5)","background-image":"","background-repeat":"repeat","background-position":"center center","background-size":"auto","background-attachment":"scroll","background-type":"","background-media":"","overlay-type":"","overlay-color":"","overlay-opacity":"","overlay-gradient":""}},"footnotes":""},"class_list":["post-1591","page","type-page","status-publish","hentry"],"_links":{"self":[{"href":"https:\/\/dabtransport.pl\/index.php\/wp-json\/wp\/v2\/pages\/1591","targetHints":{"allow":["GET"]}}],"collection":[{"href":"https:\/\/dabtransport.pl\/index.php\/wp-json\/wp\/v2\/pages"}],"about":[{"href":"https:\/\/dabtransport.pl\/index.php\/wp-json\/wp\/v2\/types\/page"}],"author":[{"embeddable":true,"href":"https:\/\/dabtransport.pl\/index.php\/wp-json\/wp\/v2\/users\/1"}],"replies":[{"embeddable":true,"href":"https:\/\/dabtransport.pl\/index.php\/wp-json\/wp\/v2\/comments?post=1591"}],"version-history":[{"count":5,"href":"https:\/\/dabtransport.pl\/index.php\/wp-json\/wp\/v2\/pages\/1591\/revisions"}],"predecessor-version":[{"id":1790,"href":"https:\/\/dabtransport.pl\/index.php\/wp-json\/wp\/v2\/pages\/1591\/revisions\/1790"}],"wp:attachment":[{"href":"https:\/\/dabtransport.pl\/index.php\/wp-json\/wp\/v2\/media?parent=1591"}],"curies":[{"name":"wp","href":"https:\/\/api.w.org\/{rel}","templated":true}]}}